{"id":5,"date":"2023-07-21T13:14:28","date_gmt":"2023-07-21T13:14:28","guid":{"rendered":"http:\/\/www.tundraworks.se\/?page_id=5"},"modified":"2024-01-10T12:27:44","modified_gmt":"2024-01-10T12:27:44","slug":"home","status":"publish","type":"page","link":"https:\/\/www.tundraworks.se\/","title":{"rendered":"Home"},"content":{"rendered":"\n<div class=\"wp-block-cover alignfull\" style=\"min-height:720px;aspect-ratio:unset;\"><span aria-hidden=\"true\" class=\"wp-block-cover__background has-background-dim-30 has-background-dim wp-block-cover__gradient-background has-background-gradient has-luminous-vivid-amber-to-luminous-vivid-orange-gradient-background\"><\/span><img decoding=\"async\" width=\"1470\" height=\"700\" class=\"wp-block-cover__image-background wp-image-128 lazyload\" alt=\"\" data-src=\"https:\/\/www.tundraworks.se\/wp-content\/uploads\/2023\/07\/we_make_drilling_specialists_more_efficient_1470x700x2.webp\" data-object-fit=\"cover\" data-srcset=\"https:\/\/www.tundraworks.se\/wp-content\/uploads\/2023\/07\/we_make_drilling_specialists_more_efficient_1470x700x2.webp 1470w, https:\/\/www.tundraworks.se\/wp-content\/uploads\/2023\/07\/we_make_drilling_specialists_more_efficient_1470x700x2-300x143.webp 300w, https:\/\/www.tundraworks.se\/wp-content\/uploads\/2023\/07\/we_make_drilling_specialists_more_efficient_1470x700x2-1024x488.webp 1024w, https:\/\/www.tundraworks.se\/wp-content\/uploads\/2023\/07\/we_make_drilling_specialists_more_efficient_1470x700x2-768x366.webp 768w\" data-sizes=\"(max-width: 1470px) 100vw, 1470px\" src=\"data:image\/svg+xml;base64,PHN2ZyB3aWR0aD0iMSIgaGVpZ2h0PSIxIiB4bWxucz0iaHR0cDovL3d3dy53My5vcmcvMjAwMC9zdmciPjwvc3ZnPg==\" style=\"--smush-placeholder-width: 1470px; --smush-placeholder-aspect-ratio: 1470\/700;\" \/><div class=\"wp-block-cover__inner-container is-layout-flow wp-block-cover-is-layout-flow\">\n<div class=\"inherit-container-width wp-block-group alignwide is-layout-constrained wp-block-group-is-layout-constrained\">\n<div class=\"wp-block-columns alignwide are-vertically-aligned-center is-layout-flex wp-container-core-columns-is-layout-28f84493 wp-block-columns-is-layout-flex\">\n<div class=\"wp-block-column is-layout-flow wp-block-column-is-layout-flow\" style=\"flex-basis:85%\">\n<h1 class=\"wp-block-heading has-text-align-left has-white-color has-text-color\">Byggare i Norr<\/h1>\n\n\n\n<p>Tundraworks \u00e4r en p\u00e5litlig partner inom byggbranschen som bygger nytt och renoverar gammalt<\/p>\n\n\n\n<div class=\"wp-block-buttons alignwide is-layout-flex wp-block-buttons-is-layout-flex\">\n<div class=\"wp-block-button\"><a class=\"wp-block-button__link has-luminous-vivid-amber-background-color has-background wp-element-button\" href=\"https:\/\/www.tundraworks.se\/index.php\/foretag\/\">Om oss<\/a><\/div>\n<\/div>\n<\/div>\n\n\n\n<div class=\"wp-block-column is-layout-flow wp-block-column-is-layout-flow\" style=\"flex-basis:15%\"><\/div>\n<\/div>\n<\/div>\n<\/div><\/div>\n\n\n\n<div class=\"wp-block-group alignfull has-ast-global-color-5-background-color has-background is-layout-constrained wp-container-core-group-is-layout-9cedb757 wp-block-group-is-layout-constrained\" style=\"padding-bottom:0px\">\n<div class=\"wp-block-columns are-vertically-aligned-top is-layout-flex wp-container-core-columns-is-layout-00723822 wp-block-columns-is-layout-flex\">\n<div class=\"wp-block-column is-vertically-aligned-top is-layout-flow wp-container-core-column-is-layout-6b73ce23 wp-block-column-is-layout-flow\">\n<figure class=\"wp-block-image size-thumbnail is-resized\"><img decoding=\"async\" data-src=\"https:\/\/www.tundraworks.se\/wp-content\/uploads\/2023\/07\/engineer-150x150.png\" alt=\"\" class=\"wp-image-35 lazyload\" width=\"40\" height=\"40\" data-srcset=\"https:\/\/www.tundraworks.se\/wp-content\/uploads\/2023\/07\/engineer-150x150.png 150w, https:\/\/www.tundraworks.se\/wp-content\/uploads\/2023\/07\/engineer-300x300.png 300w, https:\/\/www.tundraworks.se\/wp-content\/uploads\/2023\/07\/engineer.png 512w\" data-sizes=\"(max-width: 40px) 100vw, 40px\" src=\"data:image\/svg+xml;base64,PHN2ZyB3aWR0aD0iMSIgaGVpZ2h0PSIxIiB4bWxucz0iaHR0cDovL3d3dy53My5vcmcvMjAwMC9zdmciPjwvc3ZnPg==\" style=\"--smush-placeholder-width: 40px; --smush-placeholder-aspect-ratio: 40\/40;\" \/><\/figure>\n\n\n\n<h3 class=\"wp-block-heading has-text-align-left\" style=\"margin-top:16px\">Byggarbete<\/h3>\n\n\n\n<p class=\"has-text-align-left\">Vi erbjuder byggarbeten f\u00f6r projekt av alla storlekar<\/p>\n<\/div>\n\n\n\n<div class=\"wp-block-column is-vertically-aligned-top is-layout-flow wp-container-core-column-is-layout-6b73ce23 wp-block-column-is-layout-flow\">\n<figure class=\"wp-block-image size-full is-resized\"><img decoding=\"async\" data-src=\"https:\/\/www.tundraworks.se\/wp-content\/uploads\/2023\/07\/stack.png\" alt=\"\" class=\"wp-image-36 lazyload\" width=\"40\" height=\"40\" data-srcset=\"https:\/\/www.tundraworks.se\/wp-content\/uploads\/2023\/07\/stack.png 512w, https:\/\/www.tundraworks.se\/wp-content\/uploads\/2023\/07\/stack-300x300.png 300w, https:\/\/www.tundraworks.se\/wp-content\/uploads\/2023\/07\/stack-150x150.png 150w\" data-sizes=\"(max-width: 40px) 100vw, 40px\" src=\"data:image\/svg+xml;base64,PHN2ZyB3aWR0aD0iMSIgaGVpZ2h0PSIxIiB4bWxucz0iaHR0cDovL3d3dy53My5vcmcvMjAwMC9zdmciPjwvc3ZnPg==\" style=\"--smush-placeholder-width: 40px; --smush-placeholder-aspect-ratio: 40\/40;\" \/><\/figure>\n\n\n\n<h3 class=\"wp-block-heading has-text-align-left\" style=\"margin-top:16px\">Modulbygg<\/h3>\n\n\n\n<p class=\"has-text-align-left\">Vi \u00e4r erfarna modulinstallationsproffs<\/p>\n<\/div>\n\n\n\n<div class=\"wp-block-column is-vertically-aligned-top is-layout-flow wp-container-core-column-is-layout-6b73ce23 wp-block-column-is-layout-flow\">\n<figure class=\"wp-block-image size-full is-resized\"><img decoding=\"async\" data-src=\"https:\/\/www.tundraworks.se\/wp-content\/uploads\/2023\/07\/remodeling.png\" alt=\"\" class=\"wp-image-37 lazyload\" width=\"40\" height=\"40\" data-srcset=\"https:\/\/www.tundraworks.se\/wp-content\/uploads\/2023\/07\/remodeling.png 512w, https:\/\/www.tundraworks.se\/wp-content\/uploads\/2023\/07\/remodeling-300x300.png 300w, https:\/\/www.tundraworks.se\/wp-content\/uploads\/2023\/07\/remodeling-150x150.png 150w\" data-sizes=\"(max-width: 40px) 100vw, 40px\" src=\"data:image\/svg+xml;base64,PHN2ZyB3aWR0aD0iMSIgaGVpZ2h0PSIxIiB4bWxucz0iaHR0cDovL3d3dy53My5vcmcvMjAwMC9zdmciPjwvc3ZnPg==\" style=\"--smush-placeholder-width: 40px; --smush-placeholder-aspect-ratio: 40\/40;\" \/><\/figure>\n\n\n\n<h3 class=\"wp-block-heading has-text-align-left\" style=\"margin-top:16px\">Renovering<\/h3>\n\n\n\n<p class=\"has-text-align-left\">Hos oss kan du f\u00e5 nyckelf\u00e4rdiga renoveringar<\/p>\n<\/div>\n\n\n\n<div class=\"wp-block-column is-vertically-aligned-top is-layout-flow wp-container-core-column-is-layout-6b73ce23 wp-block-column-is-layout-flow\">\n<figure class=\"wp-block-image size-full is-resized\"><img decoding=\"async\" data-src=\"https:\/\/www.tundraworks.se\/wp-content\/uploads\/2023\/07\/process.png\" alt=\"\" class=\"wp-image-38 lazyload\" width=\"40\" height=\"40\" data-srcset=\"https:\/\/www.tundraworks.se\/wp-content\/uploads\/2023\/07\/process.png 512w, https:\/\/www.tundraworks.se\/wp-content\/uploads\/2023\/07\/process-300x300.png 300w, https:\/\/www.tundraworks.se\/wp-content\/uploads\/2023\/07\/process-150x150.png 150w\" data-sizes=\"(max-width: 40px) 100vw, 40px\" src=\"data:image\/svg+xml;base64,PHN2ZyB3aWR0aD0iMSIgaGVpZ2h0PSIxIiB4bWxucz0iaHR0cDovL3d3dy53My5vcmcvMjAwMC9zdmciPjwvc3ZnPg==\" style=\"--smush-placeholder-width: 40px; --smush-placeholder-aspect-ratio: 40\/40;\" \/><\/figure>\n\n\n\n<h3 class=\"wp-block-heading has-text-align-left\" style=\"margin-top:16px\">Projektledning<\/h3>\n\n\n\n<p class=\"has-text-align-left\">Vi har l\u00e5ng erfarenhet av projektledning inom byggbranschen<\/p>\n<\/div>\n<\/div>\n<\/div>\n\n\n\n<div class=\"wp-block-group alignfull is-layout-constrained wp-container-core-group-is-layout-45b0ac4f wp-block-group-is-layout-constrained\" id=\"services\" style=\"padding-top:144px;padding-bottom:0px\">\n<h2 class=\"wp-block-heading\" style=\"text-transform:capitalize\">Tj\u00e4nster<\/h2>\n\n\n\n<div class=\"wp-block-columns is-layout-flex wp-container-core-columns-is-layout-60cbf9bb wp-block-columns-is-layout-flex\" style=\"margin-top:50px\">\n<div class=\"wp-block-column is-layout-flow wp-container-core-column-is-layout-6b73ce23 wp-block-column-is-layout-flow\">\n<figure class=\"wp-block-image size-large\"><img decoding=\"async\" width=\"1024\" height=\"683\" data-src=\"https:\/\/www.tundraworks.se\/wp-content\/uploads\/2023\/07\/AdobeStock_184648816-1024x683.jpeg\" alt=\"\" class=\"wp-image-39 lazyload\" data-srcset=\"https:\/\/www.tundraworks.se\/wp-content\/uploads\/2023\/07\/AdobeStock_184648816-1024x683.jpeg 1024w, https:\/\/www.tundraworks.se\/wp-content\/uploads\/2023\/07\/AdobeStock_184648816-300x200.jpeg 300w, https:\/\/www.tundraworks.se\/wp-content\/uploads\/2023\/07\/AdobeStock_184648816-768x512.jpeg 768w\" data-sizes=\"(max-width: 1024px) 100vw, 1024px\" src=\"data:image\/svg+xml;base64,PHN2ZyB3aWR0aD0iMSIgaGVpZ2h0PSIxIiB4bWxucz0iaHR0cDovL3d3dy53My5vcmcvMjAwMC9zdmciPjwvc3ZnPg==\" style=\"--smush-placeholder-width: 1024px; --smush-placeholder-aspect-ratio: 1024\/683;\" \/><\/figure>\n\n\n\n<h3 class=\"wp-block-heading\" style=\"margin-top:16px\">Projektledning<\/h3>\n\n\n\n<p>Vi verkar i de nordiska l\u00e4nderna som projektledningspartner f\u00f6r byggprojekt<\/p>\n<\/div>\n\n\n\n<div class=\"wp-block-column is-layout-flow wp-container-core-column-is-layout-6b73ce23 wp-block-column-is-layout-flow\">\n<figure class=\"wp-block-image size-full\"><img decoding=\"async\" width=\"2560\" height=\"1709\" data-src=\"https:\/\/www.tundraworks.se\/wp-content\/uploads\/2023\/07\/AdobeStock_232296377-scaled.jpeg\" alt=\"\" class=\"wp-image-41 lazyload\" data-srcset=\"https:\/\/www.tundraworks.se\/wp-content\/uploads\/2023\/07\/AdobeStock_232296377-scaled.jpeg 2560w, https:\/\/www.tundraworks.se\/wp-content\/uploads\/2023\/07\/AdobeStock_232296377-300x200.jpeg 300w\" data-sizes=\"(max-width: 2560px) 100vw, 2560px\" src=\"data:image\/svg+xml;base64,PHN2ZyB3aWR0aD0iMSIgaGVpZ2h0PSIxIiB4bWxucz0iaHR0cDovL3d3dy53My5vcmcvMjAwMC9zdmciPjwvc3ZnPg==\" style=\"--smush-placeholder-width: 2560px; --smush-placeholder-aspect-ratio: 2560\/1709;\" \/><\/figure>\n\n\n\n<h3 class=\"wp-block-heading\" style=\"margin-top:16px\">Byggarbete<\/h3>\n\n\n\n<p>Hos oss kan du f\u00e5 byggarbeten f\u00f6r stora och sm\u00e5 projekt<\/p>\n<\/div>\n\n\n\n<div class=\"wp-block-column is-layout-flow wp-container-core-column-is-layout-6b73ce23 wp-block-column-is-layout-flow\">\n<figure class=\"wp-block-image size-large\"><img decoding=\"async\" width=\"1024\" height=\"684\" data-src=\"https:\/\/www.tundraworks.se\/wp-content\/uploads\/2023\/07\/AdobeStock_168389835-1024x684.jpeg\" alt=\"\" class=\"wp-image-40 lazyload\" data-srcset=\"https:\/\/www.tundraworks.se\/wp-content\/uploads\/2023\/07\/AdobeStock_168389835-1024x684.jpeg 1024w, https:\/\/www.tundraworks.se\/wp-content\/uploads\/2023\/07\/AdobeStock_168389835-300x200.jpeg 300w, https:\/\/www.tundraworks.se\/wp-content\/uploads\/2023\/07\/AdobeStock_168389835-768x513.jpeg 768w\" data-sizes=\"(max-width: 1024px) 100vw, 1024px\" src=\"data:image\/svg+xml;base64,PHN2ZyB3aWR0aD0iMSIgaGVpZ2h0PSIxIiB4bWxucz0iaHR0cDovL3d3dy53My5vcmcvMjAwMC9zdmciPjwvc3ZnPg==\" style=\"--smush-placeholder-width: 1024px; --smush-placeholder-aspect-ratio: 1024\/684;\" \/><\/figure>\n\n\n\n<h3 class=\"wp-block-heading\" style=\"margin-top:16px\">Modulbygg<\/h3>\n\n\n\n<p>Som erfaren modulbyggare f\u00e5r du nyckelf\u00e4rdiga l\u00f6sningar av oss<\/p>\n<\/div>\n<\/div>\n<\/div>\n\n\n\n<div class=\"wp-block-group alignfull has-ast-global-color-5-background-color has-background is-layout-constrained wp-container-core-group-is-layout-94d206d0 wp-block-group-is-layout-constrained\" id=\"about\" style=\"padding-top:143px;padding-bottom:144px\">\n<div class=\"wp-block-media-text alignfull has-media-on-the-right is-stacked-on-mobile is-vertically-aligned-center\" style=\"grid-template-columns:auto 51%\"><div class=\"wp-block-media-text__content\">\n<div class=\"inherit-container-width wp-block-group is-layout-constrained wp-container-core-group-is-layout-47ce07ec wp-block-group-is-layout-constrained\" style=\"padding-right:80px\">\n<h2 class=\"wp-block-heading\" style=\"padding-right:40px\">Vi har kombinerat decennier av erfarenhet<\/h2>\n\n\n\n<p>Med v\u00e5r m\u00e5ngsidiga erfarenhet kan vi erbjuda dig allt du beh\u00f6ver i byggprojekt<\/p>\n\n\n\n<p>Kontakta oss s\u00e5 hittar vi l\u00f6sningar f\u00f6r dina behov. Vi erbjuder projektledning, byggarbeten och specialkompetens<\/p>\n<\/div>\n<\/div><figure class=\"wp-block-media-text__media\"><img decoding=\"async\" width=\"1024\" height=\"683\" data-src=\"https:\/\/www.tundraworks.se\/wp-content\/uploads\/2023\/07\/AdobeStock_576769439-1024x683.jpeg\" alt=\"\" class=\"wp-image-43 size-full lazyload\" data-srcset=\"https:\/\/www.tundraworks.se\/wp-content\/uploads\/2023\/07\/AdobeStock_576769439-1024x683.jpeg 1024w, https:\/\/www.tundraworks.se\/wp-content\/uploads\/2023\/07\/AdobeStock_576769439-300x200.jpeg 300w, https:\/\/www.tundraworks.se\/wp-content\/uploads\/2023\/07\/AdobeStock_576769439-768x512.jpeg 768w, https:\/\/www.tundraworks.se\/wp-content\/uploads\/2023\/07\/AdobeStock_576769439-1536x1024.jpeg 1536w, https:\/\/www.tundraworks.se\/wp-content\/uploads\/2023\/07\/AdobeStock_576769439-2048x1365.jpeg 2048w\" data-sizes=\"(max-width: 1024px) 100vw, 1024px\" src=\"data:image\/svg+xml;base64,PHN2ZyB3aWR0aD0iMSIgaGVpZ2h0PSIxIiB4bWxucz0iaHR0cDovL3d3dy53My5vcmcvMjAwMC9zdmciPjwvc3ZnPg==\" style=\"--smush-placeholder-width: 1024px; --smush-placeholder-aspect-ratio: 1024\/683;\" \/><\/figure><\/div>\n<\/div>\n\n\n\n<div class=\"wp-block-group alignfull has-luminous-vivid-amber-background-color has-background is-layout-constrained wp-container-core-group-is-layout-6a2cfb7b wp-block-group-is-layout-constrained\" id=\"reviews\">\n<h2 class=\"wp-block-heading alignwide has-text-align-center has-ast-global-color-8-color has-text-color has-x-large-font-size\">V\u00e5ra projekt<\/h2>\n\n\n<\/div>\n\n\n\n<div class=\"wp-block-group alignfull is-layout-constrained wp-container-core-group-is-layout-3fee123f wp-block-group-is-layout-constrained\" id=\"whyus\" style=\"padding-top:144px;padding-bottom:144px\">\n<h2 class=\"wp-block-heading\">Varf\u00f6r v\u00e4lja oss?<\/h2>\n\n\n\n<div class=\"wp-block-columns is-layout-flex wp-container-core-columns-is-layout-29aadeec wp-block-columns-is-layout-flex\" style=\"margin-top:60px\">\n<div class=\"wp-block-column is-layout-flow wp-container-core-column-is-layout-6b73ce23 wp-block-column-is-layout-flow\">\n<figure class=\"wp-block-image size-full is-resized\"><img decoding=\"async\" data-src=\"https:\/\/www.tundraworks.se\/wp-content\/uploads\/2023\/07\/shake-hand.png\" alt=\"\" class=\"wp-image-47 lazyload\" width=\"50\" height=\"50\" data-srcset=\"https:\/\/www.tundraworks.se\/wp-content\/uploads\/2023\/07\/shake-hand.png 512w, https:\/\/www.tundraworks.se\/wp-content\/uploads\/2023\/07\/shake-hand-300x300.png 300w, https:\/\/www.tundraworks.se\/wp-content\/uploads\/2023\/07\/shake-hand-150x150.png 150w\" data-sizes=\"(max-width: 50px) 100vw, 50px\" src=\"data:image\/svg+xml;base64,PHN2ZyB3aWR0aD0iMSIgaGVpZ2h0PSIxIiB4bWxucz0iaHR0cDovL3d3dy53My5vcmcvMjAwMC9zdmciPjwvc3ZnPg==\" style=\"--smush-placeholder-width: 50px; --smush-placeholder-aspect-ratio: 50\/50;\" \/><\/figure>\n\n\n\n<h3 class=\"wp-block-heading\" style=\"margin-top:16px\">Integritet<\/h3>\n\n\n\n<p>V\u00e5ra s\u00e4tt inkluderar att g\u00f6ra det som utlovas, i tid och i enlighet med erbjudandet<\/p>\n<\/div>\n\n\n\n<div class=\"wp-block-column is-layout-flow wp-container-core-column-is-layout-6b73ce23 wp-block-column-is-layout-flow\">\n<figure class=\"wp-block-image size-full is-resized\"><img decoding=\"async\" data-src=\"https:\/\/www.tundraworks.se\/wp-content\/uploads\/2023\/07\/quality.png\" alt=\"\" class=\"wp-image-48 lazyload\" width=\"50\" height=\"50\" data-srcset=\"https:\/\/www.tundraworks.se\/wp-content\/uploads\/2023\/07\/quality.png 512w, https:\/\/www.tundraworks.se\/wp-content\/uploads\/2023\/07\/quality-300x300.png 300w, https:\/\/www.tundraworks.se\/wp-content\/uploads\/2023\/07\/quality-150x150.png 150w\" data-sizes=\"(max-width: 50px) 100vw, 50px\" src=\"data:image\/svg+xml;base64,PHN2ZyB3aWR0aD0iMSIgaGVpZ2h0PSIxIiB4bWxucz0iaHR0cDovL3d3dy53My5vcmcvMjAwMC9zdmciPjwvc3ZnPg==\" style=\"--smush-placeholder-width: 50px; --smush-placeholder-aspect-ratio: 50\/50;\" \/><\/figure>\n\n\n\n<h3 class=\"wp-block-heading\" style=\"margin-top:16px\">Kvalitet<\/h3>\n\n\n\n<p>Vi avslutar arbetet med h\u00f6g kvalitet och s\u00e4kerhet<\/p>\n<\/div>\n\n\n\n<div class=\"wp-block-column is-layout-flow wp-container-core-column-is-layout-6b73ce23 wp-block-column-is-layout-flow\">\n<figure class=\"wp-block-image size-full is-resized\"><img decoding=\"async\" data-src=\"https:\/\/www.tundraworks.se\/wp-content\/uploads\/2023\/07\/easy.png\" alt=\"\" class=\"wp-image-49 lazyload\" width=\"50\" height=\"50\" data-srcset=\"https:\/\/www.tundraworks.se\/wp-content\/uploads\/2023\/07\/easy.png 512w, https:\/\/www.tundraworks.se\/wp-content\/uploads\/2023\/07\/easy-300x300.png 300w, https:\/\/www.tundraworks.se\/wp-content\/uploads\/2023\/07\/easy-150x150.png 150w\" data-sizes=\"(max-width: 50px) 100vw, 50px\" src=\"data:image\/svg+xml;base64,PHN2ZyB3aWR0aD0iMSIgaGVpZ2h0PSIxIiB4bWxucz0iaHR0cDovL3d3dy53My5vcmcvMjAwMC9zdmciPjwvc3ZnPg==\" style=\"--smush-placeholder-width: 50px; --smush-placeholder-aspect-ratio: 50\/50;\" \/><\/figure>\n\n\n\n<h3 class=\"wp-block-heading\" style=\"margin-top:16px\">L\u00e4tthet<\/h3>\n\n\n\n<p>Vi investerar i tydlig priss\u00e4ttning och erbjuder nyckelf\u00e4rdiga l\u00f6sningar f\u00f6r att g\u00f6ra ditt liv enklare<\/p>\n<\/div>\n<\/div>\n<\/div>\n\n\n\n<div class=\"wp-block-group alignfull has-luminous-vivid-amber-background-color has-background is-layout-constrained wp-container-core-group-is-layout-cfcca693 wp-block-group-is-layout-constrained\" id=\"contact\" style=\"padding-top:104px;padding-bottom:104px\">\n<h2 class=\"wp-block-heading has-text-align-center has-text-color\" style=\"color:#ffffff;text-transform:uppercase\">Beg\u00e4r offert idag<\/h2>\n\n\n\n<div class=\"wp-block-columns is-layout-flex wp-container-core-columns-is-layout-28f84493 wp-block-columns-is-layout-flex\">\n<div class=\"wp-block-column is-layout-flow wp-block-column-is-layout-flow\">\n<figure class=\"wp-block-image size-large\"><img decoding=\"async\" width=\"1130\" height=\"1130\" data-src=\"https:\/\/www.tundraworks.se\/wp-content\/uploads\/2024\/01\/WhatsApp-Image-2023-11-09-at-14.59.36-edited.jpeg\" alt=\"\" class=\"wp-image-136 lazyload\" data-srcset=\"https:\/\/www.tundraworks.se\/wp-content\/uploads\/2024\/01\/WhatsApp-Image-2023-11-09-at-14.59.36-edited.jpeg 1130w, https:\/\/www.tundraworks.se\/wp-content\/uploads\/2024\/01\/WhatsApp-Image-2023-11-09-at-14.59.36-edited-300x300.jpeg 300w, https:\/\/www.tundraworks.se\/wp-content\/uploads\/2024\/01\/WhatsApp-Image-2023-11-09-at-14.59.36-edited-1024x1024.jpeg 1024w, https:\/\/www.tundraworks.se\/wp-content\/uploads\/2024\/01\/WhatsApp-Image-2023-11-09-at-14.59.36-edited-150x150.jpeg 150w, https:\/\/www.tundraworks.se\/wp-content\/uploads\/2024\/01\/WhatsApp-Image-2023-11-09-at-14.59.36-edited-768x768.jpeg 768w\" data-sizes=\"(max-width: 1130px) 100vw, 1130px\" src=\"data:image\/svg+xml;base64,PHN2ZyB3aWR0aD0iMSIgaGVpZ2h0PSIxIiB4bWxucz0iaHR0cDovL3d3dy53My5vcmcvMjAwMC9zdmciPjwvc3ZnPg==\" style=\"--smush-placeholder-width: 1130px; --smush-placeholder-aspect-ratio: 1130\/1130;\" \/><\/figure>\n\n\n\n<h6 class=\"wp-block-heading has-text-align-center\">Jon Kangas<\/h6>\n\n\n\n<p class=\"has-text-align-center has-medium-font-size\">Projektledare<\/p>\n\n\n\n<p class=\"has-text-align-center\"><a href=\"tel:+358443590999\">+358443590999<\/a> <a href=\"mailto:jon@tundraworks.se\">jon@tundraworks.se<\/a><\/p>\n<\/div>\n\n\n\n<div class=\"wp-block-column is-layout-flow wp-block-column-is-layout-flow\">\n<figure class=\"wp-block-image size-full\"><img decoding=\"async\" width=\"800\" height=\"799\" data-src=\"https:\/\/www.tundraworks.se\/wp-content\/uploads\/2024\/01\/1545083432192.jpg\" alt=\"\" class=\"wp-image-137 lazyload\" data-srcset=\"https:\/\/www.tundraworks.se\/wp-content\/uploads\/2024\/01\/1545083432192.jpg 800w, https:\/\/www.tundraworks.se\/wp-content\/uploads\/2024\/01\/1545083432192-300x300.jpg 300w, https:\/\/www.tundraworks.se\/wp-content\/uploads\/2024\/01\/1545083432192-150x150.jpg 150w, https:\/\/www.tundraworks.se\/wp-content\/uploads\/2024\/01\/1545083432192-768x767.jpg 768w\" data-sizes=\"(max-width: 800px) 100vw, 800px\" src=\"data:image\/svg+xml;base64,PHN2ZyB3aWR0aD0iMSIgaGVpZ2h0PSIxIiB4bWxucz0iaHR0cDovL3d3dy53My5vcmcvMjAwMC9zdmciPjwvc3ZnPg==\" style=\"--smush-placeholder-width: 800px; --smush-placeholder-aspect-ratio: 800\/799;\" \/><\/figure>\n\n\n\n<h6 class=\"wp-block-heading has-text-align-center\">Jussi Juntti<\/h6>\n\n\n\n<p class=\"has-text-align-center has-medium-font-size\">Arbetsledare<\/p>\n\n\n\n<p class=\"has-text-align-center\"><a href=\"tel:+358440151287\">+358440151287 <\/a><a href=\"mailto:jussi@tundraworks.se\">jussi@tundraworks.se<\/a><\/p>\n<\/div>\n\n\n\n<div class=\"wp-block-column is-layout-flow wp-block-column-is-layout-flow\">\n<figure class=\"wp-block-image size-full\"><img decoding=\"async\" width=\"640\" height=\"640\" data-src=\"https:\/\/www.tundraworks.se\/wp-content\/uploads\/2024\/01\/WhatsApp-Image-2024-01-10-at-14.25.10.jpeg\" alt=\"\" class=\"wp-image-133 lazyload\" data-srcset=\"https:\/\/www.tundraworks.se\/wp-content\/uploads\/2024\/01\/WhatsApp-Image-2024-01-10-at-14.25.10.jpeg 640w, https:\/\/www.tundraworks.se\/wp-content\/uploads\/2024\/01\/WhatsApp-Image-2024-01-10-at-14.25.10-300x300.jpeg 300w, https:\/\/www.tundraworks.se\/wp-content\/uploads\/2024\/01\/WhatsApp-Image-2024-01-10-at-14.25.10-150x150.jpeg 150w\" data-sizes=\"(max-width: 640px) 100vw, 640px\" src=\"data:image\/svg+xml;base64,PHN2ZyB3aWR0aD0iMSIgaGVpZ2h0PSIxIiB4bWxucz0iaHR0cDovL3d3dy53My5vcmcvMjAwMC9zdmciPjwvc3ZnPg==\" style=\"--smush-placeholder-width: 640px; --smush-placeholder-aspect-ratio: 640\/640;\" \/><\/figure>\n\n\n\n<h6 class=\"wp-block-heading has-text-align-center\">Toni V\u00e4h\u00e4<\/h6>\n\n\n\n<p class=\"has-text-align-center has-medium-font-size\">HSEQ-chef<\/p>\n\n\n\n<p class=\"has-text-align-center\"><a href=\"tel:+358504366874\">+358504366874 <\/a><a href=\"mailto:toni@tundraworks.se\">toni@tundraworks.se<\/a><\/p>\n<\/div>\n<\/div>\n\n\n\n<div class=\"wp-block-buttons alignwide is-horizontal is-content-justification-center is-layout-flex wp-container-core-buttons-is-layout-bba8380a wp-block-buttons-is-layout-flex\" style=\"margin-top:50px\">\n<div class=\"wp-block-button\"><a class=\"wp-block-button__link has-ast-global-color-6-background-color has-background wp-element-button\" href=\"mailto:jon@tundraworks.se\">Ta kontakt<\/a><\/div>\n<\/div>\n<\/div>\n","protected":false},"excerpt":{"rendered":"<p>Byggarbete Vi erbjuder byggarbeten f\u00f6r projekt av alla storlekar Modulbygg Vi \u00e4r erfarna modulinstallationsproffs Renovering Hos oss kan du f\u00e5 nyckelf\u00e4rdiga renoveringar Projektledning Vi har l\u00e5ng erfarenhet av projektledning inom byggbranschen Tj\u00e4nster Projektledning Vi verkar i de nordiska l\u00e4nderna som projektledningspartner f\u00f6r byggprojekt Byggarbete Hos oss kan du f\u00e5 byggarbeten f\u00f6r stora och sm\u00e5 projekt [&hellip;]<\/p>\n","protected":false},"author":1,"featured_media":0,"parent":0,"menu_order":0,"comment_status":"closed","ping_status":"closed","template":"","meta":{"site-sidebar-layout":"no-sidebar","site-content-layout":"plain-container","ast-site-content-layout":"normal-width-container","site-content-style":"unboxed","site-sidebar-style":"unboxed","ast-global-header-display":"","ast-banner-title-visibility":"","ast-main-header-display":"","ast-hfb-above-header-display":"","ast-hfb-below-header-display":"","ast-hfb-mobile-header-display":"","site-post-title":"disabled","ast-breadcrumbs-content":"","ast-featured-img":"","footer-sml-layout":"","ast-disable-related-posts":"","theme-transparent-header-meta":"enabled","adv-header-id-meta":"","stick-header-meta":"","header-above-stick-meta":"","header-main-stick-meta":"","header-below-stick-meta":"","astra-migrate-meta-layouts":"set","ast-page-background-enabled":"default","ast-page-background-meta":{"desktop":{"background-color":"var(--ast-global-color-4)","background-image":"","background-repeat":"repeat","background-position":"center center","background-size":"auto","background-attachment":"scroll","background-type":"","background-media":"","overlay-type":"","overlay-color":"","overlay-opacity":"","overlay-gradient":""},"tablet":{"background-color":"","background-image":"","background-repeat":"repeat","background-position":"center center","background-size":"auto","background-attachment":"scroll","background-type":"","background-media":"","overlay-type":"","overlay-color":"","overlay-opacity":"","overlay-gradient":""},"mobile":{"background-color":"","background-image":"","background-repeat":"repeat","background-position":"center center","background-size":"auto","background-attachment":"scroll","background-type":"","background-media":"","overlay-type":"","overlay-color":"","overlay-opacity":"","overlay-gradient":""}},"ast-content-background-meta":{"desktop":{"background-color":"var(--ast-global-color-5)","background-image":"","background-repeat":"repeat","background-position":"center center","background-size":"auto","background-attachment":"scroll","background-type":"","background-media":"","overlay-type":"","overlay-color":"","overlay-opacity":"","overlay-gradient":""},"tablet":{"background-color":"var(--ast-global-color-5)","background-image":"","background-repeat":"repeat","background-position":"center center","background-size":"auto","background-attachment":"scroll","background-type":"","background-media":"","overlay-type":"","overlay-color":"","overlay-opacity":"","overlay-gradient":""},"mobile":{"background-color":"var(--ast-global-color-5)","background-image":"","background-repeat":"repeat","background-position":"center center","background-size":"auto","background-attachment":"scroll","background-type":"","background-media":"","overlay-type":"","overlay-color":"","overlay-opacity":"","overlay-gradient":""}},"footnotes":""},"class_list":["post-5","page","type-page","status-publish","hentry"],"_links":{"self":[{"href":"https:\/\/www.tundraworks.se\/index.php\/wp-json\/wp\/v2\/pages\/5","targetHints":{"allow":["GET"]}}],"collection":[{"href":"https:\/\/www.tundraworks.se\/index.php\/wp-json\/wp\/v2\/pages"}],"about":[{"href":"https:\/\/www.tundraworks.se\/index.php\/wp-json\/wp\/v2\/types\/page"}],"author":[{"embeddable":true,"href":"https:\/\/www.tundraworks.se\/index.php\/wp-json\/wp\/v2\/users\/1"}],"replies":[{"embeddable":true,"href":"https:\/\/www.tundraworks.se\/index.php\/wp-json\/wp\/v2\/comments?post=5"}],"version-history":[{"count":25,"href":"https:\/\/www.tundraworks.se\/index.php\/wp-json\/wp\/v2\/pages\/5\/revisions"}],"predecessor-version":[{"id":138,"href":"https:\/\/www.tundraworks.se\/index.php\/wp-json\/wp\/v2\/pages\/5\/revisions\/138"}],"wp:attachment":[{"href":"https:\/\/www.tundraworks.se\/index.php\/wp-json\/wp\/v2\/media?parent=5"}],"curies":[{"name":"wp","href":"https:\/\/api.w.org\/{rel}","templated":true}]}}